{"id":212,"date":"2022-04-07T08:17:50","date_gmt":"2022-04-07T08:17:50","guid":{"rendered":"http:\/\/annadyhr.dk\/?page_id=212"},"modified":"2022-05-12T10:16:00","modified_gmt":"2022-05-12T10:16:00","slug":"events","status":"publish","type":"page","link":"http:\/\/annadyhr.dk\/?page_id=212","title":{"rendered":"EVENTS"},"content":{"rendered":"\n<p><strong>&#8211; D. 01.05.22 kl. 14-17:<\/strong> Reception p\u00e5 Godsbanen i Aarhus.<br><strong>&#8211; D. 06.05.22 kl. 17-18:<\/strong> Signering hos Myrki Bryghus i M\u00f8rke.<br><strong>&#8211; D. 10.05.22 kl. 19:<\/strong> Opl\u00e6sning BogBy Ebeltoft.<br><strong>&#8211; D. 25.05.22 kl. 19:<\/strong> Opl\u00e6sning Grenaa Boghandel.<br><strong>&#8211; D. 07.06.22 kl. 16-18:<\/strong> Opl\u00e6sning Gallo Huset i Aarhus.<br><strong>&#8211; D. 16.06.22 kl. 17-19:<\/strong> Opl\u00e6sning Ovartaci Museet i Aarhus.<br><strong>&#8211; D. 26.06.22 kl. 14-16:<\/strong> Fernisering og opl\u00e6sning Galleri Grevelsgaard i Fausing.<br><strong>&#8211; D. 18.08.22 kl. 16-17:<\/strong> Opl\u00e6sning Fundamentet i Aarhus.<br>&#8211;<strong> D. 17.09.22 kl. 13.30-15.30:<\/strong> Forfattertalks Hornslet Bibliotek.<br><strong>&#8211; D. 27.10.22 kl. 19:<\/strong> Opl\u00e6sning R\u00f8nde.<\/p>\n","protected":false},"excerpt":{"rendered":"<p>&#8211; D. 01.05.22 kl. 14-17: Reception p\u00e5 Godsbanen i Aarhus.&#8211; D. 06.05.22 kl. 17-18: Signering hos Myrki Bryghus i M\u00f8rke.&#8211; D. 10.05.22 kl. 19: Opl\u00e6sning BogBy Ebeltoft.&#8211; D. 25.05.22 kl. 19: Opl\u00e6sning Grenaa Boghandel.&#8211; D. 07.06.22 kl. 16-18: Opl\u00e6sning Gallo Huset i Aarhus.&#8211; D. 16.06.22 kl. 17-19: Opl\u00e6sning Ovartaci Museet i Aarhus.&#8211; D. 26.06.22 kl. [&hellip;]<\/p>\n","protected":false},"author":1,"featured_media":0,"parent":0,"menu_order":0,"comment_status":"closed","ping_status":"closed","template":"","meta":[],"_links":{"self":[{"href":"http:\/\/annadyhr.dk\/index.php?rest_route=\/wp\/v2\/pages\/212"}],"collection":[{"href":"http:\/\/annadyhr.dk\/index.php?rest_route=\/wp\/v2\/pages"}],"about":[{"href":"http:\/\/annadyhr.dk\/index.php?rest_route=\/wp\/v2\/types\/page"}],"author":[{"embeddable":true,"href":"http:\/\/annadyhr.dk\/index.php?rest_route=\/wp\/v2\/users\/1"}],"replies":[{"embeddable":true,"href":"http:\/\/annadyhr.dk\/index.php?rest_route=%2Fwp%2Fv2%2Fcomments&post=212"}],"version-history":[{"count":7,"href":"http:\/\/annadyhr.dk\/index.php?rest_route=\/wp\/v2\/pages\/212\/revisions"}],"predecessor-version":[{"id":228,"href":"http:\/\/annadyhr.dk\/index.php?rest_route=\/wp\/v2\/pages\/212\/revisions\/228"}],"wp:attachment":[{"href":"http:\/\/annadyhr.dk\/index.php?rest_route=%2Fwp%2Fv2%2Fmedia&parent=212"}],"curies":[{"name":"wp","href":"https:\/\/api.w.org\/{rel}","templated":true}]}}