{"id":27,"date":"2022-02-13T09:00:32","date_gmt":"2022-02-13T09:00:32","guid":{"rendered":"http:\/\/annadyhr.dk\/?page_id=27"},"modified":"2024-08-05T09:28:41","modified_gmt":"2024-08-05T09:28:41","slug":"udgivelser","status":"publish","type":"page","link":"http:\/\/annadyhr.dk\/?page_id=27","title":{"rendered":"UDGIVELSER"},"content":{"rendered":"\n<p><strong>B\u00d8GER<\/strong><br>&#8211; kan bestilles ved forfatteren p\u00e5: kontakt@annadyhr.dk<\/p>\n\n\n\n<ul>\n<li><strong>Man forsvinder ikke bare<\/strong> v. Forlaget Jensen og Dalgaard.<br>01.05.2022, dagbogsroman, chok og (livs)sorg<br><br><strong>Forlagsbeskrivelse:<\/strong> \u201cTo uniformerede betjente i m\u00f8rket, deres ansigter er oplyste af lampen over d\u00f8ren. Den ene betjent har fat i walkie-talkien ved brystet. Han trykker p\u00e5 den, og dens knitren oph\u00f8rer et \u00f8jeblik. Er du Anna Dyhr?\u201d<br>Det ansl\u00e5s, at hver tiende voksne dansker har afbrudt kontakten til en for\u00e6lder. Men hvad s\u00e5, n\u00e5r denne for\u00e6lder d\u00f8r: Hvilken ret har man til at s\u00f8rge, hvis man er den, der sagde fra? Hvordan f\u00e5r man sagt farvel til et menneske, man selv har afsk\u00e5ret kontakten til, inden d\u00f8den gjorde det?<br>Man forsvinder ikke bare blotl\u00e6gger, hvordan komplekse relationer aff\u00f8der kompleks sorg. Mellem hver eneste linje ligger frygten for, at hovedpersonen som barn af blokkene ikke selv er i stand til at bryde den sociale arv. Bogen igennem griber hovedpersonen efter litteraturen som redningskrans, sproget som ilt.<br><br><\/li>\n<\/ul>\n\n\n\n<ul>\n<li><strong>K\u00f8bek\u00e6lling&nbsp;<\/strong>v. Forlaget Jensen og Dalgaard.<br>2017, roman, aggressiv realisme.<br><strong><br>Forlagsbeskrivelse:&nbsp;<\/strong>Du linder p\u00e5 l\u00e5get. \u00bbVil du have te?\u00ab Armen med de m\u00f8rke h\u00e5r. I h\u00e5nden har du et glas. Med en snor ned langs siden. For enden af snoren er klipset en note fra Pickwick: Skovb\u00e6r. Fordi r\u00f8d er min yndlingsfarve, har du valgt den bl\u00e5 tepakke. Engang fortalte jeg dig, at jeg foretr\u00e6kker kaffe. Du lo og sagde, at kaffe ikke er en drik for kvinder. De skulle n\u00f8dig v\u00e5gne op. En sarkastisk, rasende og s\u00e6rt poetisk historie, som blandt andet stiller sp\u00f8rgsm\u00e5let: Beh\u00f8ver en fri kvinde at v\u00e6re et pikhoved?<br><br><strong>Anmeldelser<\/strong><br>\u201cDet frydefuldt fabulerende billedsprog tegner en bevidst flugt fra et hverdagssprog, der er gennemsyret af magtstrukturer \u2026 en forn\u00f8jelse at stifte bekendtskab med.\u201d <br>Anne Skov Thomsen,&nbsp;<a href=\"https:\/\/nordjyskeplus.dk\/boganmeldelse\/en-krigerisk-kvinde\/05d0461d-0456-4125-822a-b9bd4b79f2cd\">NordJyske<\/a>&nbsp;\u2605\u2605\u2605\u2605<br><br>\u201dK\u00f8bek\u00e6lling er en syret, poetisk collage af ord og oplevelser, et feministisk kampr\u00e5b udfoldet som s\u00e5kaldt rasende realisme.\u201d <br>Merete Reinholdt,&nbsp;<a href=\"http:\/\/www.b.dk\/boeger\/koebekaelling-er-et-dejlig-syret-feministisk-kampraab\">Berlingske<\/a>\u2605\u2605\u2605\u2605<br><br>\u201dMed sm\u00e5 sproglige omvendinger leger hun med betydningsforskydninger, s\u00e5 det n\u00e6sten knitrer elektrisk hen over siderne.\u201d <br>Sophie Engberg Sonne,&nbsp;<a href=\"http:\/\/politiken.dk\/kultur\/boger\/skonlitteratur_boger\/art5864274\/Forfatter-skriver-sig-ud-af-plastikboksen-i-K%C3%B8bek%C3%A6lling\">Politiken<\/a>\u2605\u2605\u2605\u2605<br><br>\u201cAnna Dyhrs debutroman er velskrevet, underholdende, udfordrende, humoristisk og ubehagelig. Den kan varmt anbefales herfra.\u201d <br>Simon Johannesen,&nbsp;<a rel=\"noreferrer noopener\" href=\"http:\/\/www.littuna.nu\/kvinde-kend-din-krop-mand\/\" target=\"_blank\">Littuna<\/a><br><br>&#8220;Sproget er knivskarpt sk\u00e5ret. Ultra korte, poetiske s\u00e6tninger, der b\u00e5de rummer den skarpe satire, men s\u00e5 sandelig ogs\u00e5 rummer det m\u00f8rke i mennesket.&#8221;<br><a href=\"https:\/\/www.bognorden.dk\/index.php\/anmeldelser\/romaner\/17-kobekaelling\">Bogn\u00f8rden<\/a>, \u2605\u2605\u2605\u2605<br><br><\/li>\n<\/ul>\n\n\n\n<p><strong>ANDRE UDGIVELSER<\/strong><\/p>\n\n\n\n<ul>\n<li>Milj\u00f8-langdigt: Otto. Udkant antologi, 2024<\/li>\n\n\n\n<li>Artikel: Katastrofen og Knausg\u00e5rd. Tidsskriftet Modspor, 2020<\/li>\n\n\n\n<li>Kortprosa: Blikstille. Poetic Pamphlets, 2018<\/li>\n\n\n\n<li>Novelle: Dukkebarn. Tidsskriftet \u00c5, 2017<\/li>\n\n\n\n<li>Klumme: St\u00f8j og stilhed, ord og opr\u00f8r. Littuna, 2017<\/li>\n<\/ul>\n","protected":false},"excerpt":{"rendered":"<p>B\u00d8GER&#8211; kan bestilles ved forfatteren p\u00e5: kontakt@annadyhr.dk ANDRE UDGIVELSER<\/p>\n","protected":false},"author":1,"featured_media":0,"parent":0,"menu_order":0,"comment_status":"closed","ping_status":"closed","template":"","meta":[],"_links":{"self":[{"href":"http:\/\/annadyhr.dk\/index.php?rest_route=\/wp\/v2\/pages\/27"}],"collection":[{"href":"http:\/\/annadyhr.dk\/index.php?rest_route=\/wp\/v2\/pages"}],"about":[{"href":"http:\/\/annadyhr.dk\/index.php?rest_route=\/wp\/v2\/types\/page"}],"author":[{"embeddable":true,"href":"http:\/\/annadyhr.dk\/index.php?rest_route=\/wp\/v2\/users\/1"}],"replies":[{"embeddable":true,"href":"http:\/\/annadyhr.dk\/index.php?rest_route=%2Fwp%2Fv2%2Fcomments&post=27"}],"version-history":[{"count":13,"href":"http:\/\/annadyhr.dk\/index.php?rest_route=\/wp\/v2\/pages\/27\/revisions"}],"predecessor-version":[{"id":234,"href":"http:\/\/annadyhr.dk\/index.php?rest_route=\/wp\/v2\/pages\/27\/revisions\/234"}],"wp:attachment":[{"href":"http:\/\/annadyhr.dk\/index.php?rest_route=%2Fwp%2Fv2%2Fmedia&parent=27"}],"curies":[{"name":"wp","href":"https:\/\/api.w.org\/{rel}","templated":true}]}}